{"id":34,"date":"2017-01-24T16:07:51","date_gmt":"2017-01-24T16:07:51","guid":{"rendered":"http:\/\/www.nicdarkthemes.com\/themes\/beauty\/wp\/demo\/?page_id=34"},"modified":"2017-10-24T18:26:42","modified_gmt":"2017-10-24T16:26:42","slug":"contatti","status":"publish","type":"page","link":"https:\/\/www.centroesteticofrancadanti.it\/?page_id=34","title":{"rendered":"Contatti"},"content":{"rendered":"<section class=\"wpb-content-wrapper\"><p>[vc_row][vc_column width=&#8221;1\/2&#8243; css=&#8221;.vc_custom_1467214267244{padding-top: 10px !important;padding-bottom: 10px !important;}&#8221;] <h3 style=\"color:;padding:px;text-align:;font-size:25px;line-height:25px;letter-spacing: px;font-weight:normal\" class=\"   nd_options_first_font \">Riempi il Form<\/h3> <div style=\"background-color:;height: 20px\" class=\"nicdark_section  \"><\/div>[vc_column_text]Per contattarci \u00e8 sufficiente riempire il form sottostante inserendo i suoi dati.Verr\u00e0 ricontatta al pi\u00f9 presto. Grazie[\/vc_column_text]<div style=\"background-color:;height: 20px\" class=\"nicdark_section  \"><\/div>\n\n    <!--start form-->\n    <div id=\"nd_options_shortcode_cf7_19\" class=\"nd_options_section \">\n      \n      <div class=\"nd_options_section nd_options_box_sizing_border_box\">\n        \n<div class=\"wpcf7 no-js\" id=\"wpcf7-f19-o1\" lang=\"en-US\" dir=\"ltr\">\n<div class=\"screen-reader-response\"><p role=\"status\" aria-live=\"polite\" aria-atomic=\"true\"><\/p> <ul><\/ul><\/div>\n<form action=\"\/index.php?rest_route=%2Fwp%2Fv2%2Fpages%2F34#wpcf7-f19-o1\" method=\"post\" class=\"wpcf7-form init\" aria-label=\"Contact form\" novalidate=\"novalidate\" data-status=\"init\">\n<div>\n<input type=\"hidden\" name=\"_wpcf7\" value=\"19\" \/>\n<input type=\"hidden\" name=\"_wpcf7_version\" value=\"6.0.6\" \/>\n<input type=\"hidden\" name=\"_wpcf7_locale\" value=\"en_US\" \/>\n<input type=\"hidden\" name=\"_wpcf7_unit_tag\" value=\"wpcf7-f19-o1\" \/>\n<input type=\"hidden\" name=\"_wpcf7_container_post\" value=\"0\" \/>\n<input type=\"hidden\" name=\"_wpcf7_posted_data_hash\" value=\"\" \/>\n<\/div>\n<div class=\"nd_options_float_left nd_options_box_sizing_border_box nd_options_width_100_percentage_all_iphone_important nd_options_padding_0_right_important_all_iphone nd_options_padding_0_left_important_all_iphone \" style=\"padding: 10px 0px;width:100%\"><span class=\"wpcf7-form-control-wrap\" data-name=\"nome\"><\/span><\/div><br \/>\n<div class=\"nd_options_float_left nd_options_box_sizing_border_box nd_options_width_100_percentage_all_iphone_important nd_options_padding_0_right_important_all_iphone nd_options_padding_0_left_important_all_iphone \" style=\"padding: 10px 0px;width:100%\"><span class=\"wpcf7-form-control-wrap\" data-name=\"email\"><\/span><\/div><br \/>\n<div class=\"nd_options_float_left nd_options_box_sizing_border_box nd_options_width_100_percentage_all_iphone_important nd_options_padding_0_right_important_all_iphone nd_options_padding_0_left_important_all_iphone \" style=\"padding: 10px 0px;width:100%\"><span class=\"wpcf7-form-control-wrap\" data-name=\"subject\"><\/span><\/div><br \/>\n<div class=\"nd_options_float_left nd_options_box_sizing_border_box nd_options_width_100_percentage_all_iphone_important nd_options_padding_0_right_important_all_iphone nd_options_padding_0_left_important_all_iphone \" style=\"padding: 10px 0px;width:100%\"><span class=\"wpcf7-form-control-wrap\" data-name=\"message\"><textarea cols=\"40\" rows=\"8\" class=\"wpcf7-form-control wpcf7-textarea wpcf7-validates-as-required\" name=\"message\"><\/textarea><\/span><\/div><br \/>\n<div class=\"nd_options_float_left nd_options_box_sizing_border_box nd_options_width_100_percentage_all_iphone_important nd_options_padding_0_right_important_all_iphone nd_options_padding_0_left_important_all_iphone \" style=\"padding: 10px 0px;width:100%\"><\/div><div class=\"wpcf7-response-output\" aria-hidden=\"true\"><\/div>\n<\/form>\n<\/div>\n \n      <\/div>  \n\n    <\/div>\n    <!--end form-->\n\n   [\/vc_column][vc_column width=&#8221;1\/2&#8243; css=&#8221;.vc_custom_1467214272039{padding-top: 10px !important;padding-bottom: 10px !important;}&#8221;][nd_options_gmaps_markers nd_options_layout=&#8221;layout-2&#8243; nd_options_height=&#8221;300&#8243; nd_options_zoom=&#8221;17&#8243; nd_options_position=&#8221;43.2301783, 13.6825065&#8243; nd_options_color=&#8221;#8ac6d0&#8243; nd_options_image=&#8221;1181&#8243; nd_options_image_width=&#8221;45,45&#8243;]<div style=\"background-color:;height: 40px\" class=\"nicdark_section  \"><\/div>[vc_row_inner][vc_column_inner width=&#8221;1\/2&#8243;]\n\n\n  <div class=\"nd_options_section  nd_options_display_table \">\n    <div class=\"nd_options_display_table_cell nd_options_vertical_align_middle nd_options_width_50_percentage nd_options_text_align_left nd_options_padding_10 nd_options_box_sizing_border_box\">\n      <h6 class=\" nd_options_first_font nd_options_margin_0 nd_options_padding_0\" style=\"color:#727475\">INDIRIZZO :<\/h6>\n    <\/div>\n    <div class=\"nd_options_display_table_cell nd_options_vertical_align_middle nd_options_width_50_percentage nd_options_text_align_right nd_options_padding_10 nd_options_box_sizing_border_box\">\n      <h6 class=\" nd_options_second_font nd_options_margin_0 nd_options_padding_0\" style=\"color:#a3a3a3\">Corso Baccio, 72<\/h6>\n    <\/div>\n  <\/div>\n\n\n   <div style=\"background-color:;height: 10px\" class=\"nicdark_section  \"><\/div><div style=\"background-color:#f1f1f1;height: 1px\" class=\"nicdark_section  \"><\/div><div style=\"background-color:;height: 10px\" class=\"nicdark_section  \"><\/div>\n\n\n  <div class=\"nd_options_section  nd_options_display_table \">\n    <div class=\"nd_options_display_table_cell nd_options_vertical_align_middle nd_options_width_50_percentage nd_options_text_align_left nd_options_padding_10 nd_options_box_sizing_border_box\">\n      <h6 class=\" nd_options_first_font nd_options_margin_0 nd_options_padding_0\" style=\"color:#727475\">CITTA' :<\/h6>\n    <\/div>\n    <div class=\"nd_options_display_table_cell nd_options_vertical_align_middle nd_options_width_50_percentage nd_options_text_align_right nd_options_padding_10 nd_options_box_sizing_border_box\">\n      <h6 class=\" nd_options_second_font nd_options_margin_0 nd_options_padding_0\" style=\"color:#a3a3a3\">Sant'Elpidio a Mare<\/h6>\n    <\/div>\n  <\/div>\n\n\n   [\/vc_column_inner][vc_column_inner width=&#8221;1\/2&#8243;]\n\n\n  <div class=\"nd_options_section  nd_options_display_table \">\n    <div class=\"nd_options_display_table_cell nd_options_vertical_align_middle nd_options_width_50_percentage nd_options_text_align_left nd_options_padding_10 nd_options_box_sizing_border_box\">\n      <h6 class=\" nd_options_first_font nd_options_margin_0 nd_options_padding_0\" style=\"color:#727475\">TEL:<\/h6>\n    <\/div>\n    <div class=\"nd_options_display_table_cell nd_options_vertical_align_middle nd_options_width_50_percentage nd_options_text_align_right nd_options_padding_10 nd_options_box_sizing_border_box\">\n      <h6 class=\" nd_options_second_font nd_options_margin_0 nd_options_padding_0\" style=\"color:#a3a3a3\">324 66 71 552 \/ 0734-859525<\/h6>\n    <\/div>\n  <\/div>\n\n\n   <div style=\"background-color:;height: 10px\" class=\"nicdark_section  \"><\/div><div style=\"background-color:#f1f1f1;height: 1px\" class=\"nicdark_section  \"><\/div><div style=\"background-color:;height: 10px\" class=\"nicdark_section  \"><\/div>\n\n\n  <div class=\"nd_options_section  nd_options_display_table \">\n    <div class=\"nd_options_display_table_cell nd_options_vertical_align_middle nd_options_width_50_percentage nd_options_text_align_left nd_options_padding_10 nd_options_box_sizing_border_box\">\n      <h6 class=\" nd_options_first_font nd_options_margin_0 nd_options_padding_0\" style=\"color:#727475\">MAIL:<\/h6>\n    <\/div>\n    <div class=\"nd_options_display_table_cell nd_options_vertical_align_middle nd_options_width_50_percentage nd_options_text_align_right nd_options_padding_10 nd_options_box_sizing_border_box\">\n      <h6 class=\" nd_options_second_font nd_options_margin_0 nd_options_padding_0\" style=\"color:#a3a3a3\">info@centroesteticofrancadanti.it<\/h6>\n    <\/div>\n  <\/div>\n\n\n   [\/vc_column_inner][\/vc_row_inner]<div style=\"background-color:;height: 50px\" class=\"nicdark_section  \"><\/div>[\/vc_column][\/vc_row]<\/p>\n<\/section>","protected":false},"excerpt":{"rendered":"<p>[vc_row][vc_column width=&#8221;1\/2&#8243; css=&#8221;.vc_custom_1467214267244{padding-top: 10px !important;padding-bottom: 10px !important;}&#8221;][vc_column_text]Per contattarci \u00e8 sufficiente riempire il form sottostante inserendo i suoi dati.Verr\u00e0 ricontatta al pi\u00f9 presto. Grazie[\/vc_column_text][\/vc_column][vc_column width=&#8221;1\/2&#8243; css=&#8221;.vc_custom_1467214272039{padding-top: 10px !important;padding-bottom: 10px !important;}&#8221;][nd_options_gmaps_markers nd_options_layout=&#8221;layout-2&#8243; nd_options_height=&#8221;300&#8243; nd_options_zoom=&#8221;17&#8243; nd_options_position=&#8221;43.2301783, 13.6825065&#8243; nd_options_color=&#8221;#8ac6d0&#8243; nd_options_image=&#8221;1181&#8243; nd_options_image_width=&#8221;45,45&#8243;][vc_row_inner][vc_column_inner width=&#8221;1\/2&#8243;][\/vc_column_inner][vc_column_inner width=&#8221;1\/2&#8243;][\/vc_column_inner][\/vc_row_inner][\/vc_column][\/vc_row]<\/p>\n","protected":false},"author":1,"featured_media":0,"parent":0,"menu_order":0,"comment_status":"closed","ping_status":"closed","template":"","meta":{"footnotes":""},"class_list":["post-34","page","type-page","status-publish","hentry"],"yoast_head":"<!-- This site is optimized with the Yoast SEO plugin v25.2 - https:\/\/yoast.com\/wordpress\/plugins\/seo\/ -->\n<title>Contatti - Centro Estetico Franca Danti<\/title>\n<meta name=\"robots\" content=\"index, follow, max-snippet:-1, max-image-preview:large, max-video-preview:-1\" \/>\n<link rel=\"canonical\" href=\"https:\/\/www.centroesteticofrancadanti.it\/?page_id=34\" \/>\n<meta property=\"og:locale\" content=\"it_IT\" \/>\n<meta property=\"og:type\" content=\"article\" \/>\n<meta property=\"og:title\" content=\"Contatti - Centro Estetico Franca Danti\" \/>\n<meta property=\"og:description\" content=\"[vc_row][vc_column width=&#8221;1\/2&#8243; css=&#8221;.vc_custom_1467214267244{padding-top: 10px !important;padding-bottom: 10px !important;}&#8221;][vc_column_text]Per contattarci \u00e8 sufficiente riempire il form sottostante inserendo i suoi dati.Verr\u00e0 ricontatta al pi\u00f9 presto. Grazie[\/vc_column_text][\/vc_column][vc_column width=&#8221;1\/2&#8243; css=&#8221;.vc_custom_1467214272039{padding-top: 10px !important;padding-bottom: 10px !important;}&#8221;][nd_options_gmaps_markers nd_options_layout=&#8221;layout-2&#8243; nd_options_height=&#8221;300&#8243; nd_options_zoom=&#8221;17&#8243; nd_options_position=&#8221;43.2301783, 13.6825065&#8243; nd_options_color=&#8221;#8ac6d0&#8243; nd_options_image=&#8221;1181&#8243; nd_options_image_width=&#8221;45,45&#8243;][vc_row_inner][vc_column_inner width=&#8221;1\/2&#8243;][\/vc_column_inner][vc_column_inner width=&#8221;1\/2&#8243;][\/vc_column_inner][\/vc_row_inner][\/vc_column][\/vc_row]\" \/>\n<meta property=\"og:url\" content=\"https:\/\/www.centroesteticofrancadanti.it\/?page_id=34\" \/>\n<meta property=\"og:site_name\" content=\"Centro Estetico Franca Danti\" \/>\n<meta property=\"article:modified_time\" content=\"2017-10-24T16:26:42+00:00\" \/>\n<meta name=\"twitter:card\" content=\"summary_large_image\" \/>\n<meta name=\"twitter:label1\" content=\"Tempo di lettura stimato\" \/>\n\t<meta name=\"twitter:data1\" content=\"2 minuti\" \/>\n<script type=\"application\/ld+json\" class=\"yoast-schema-graph\">{\"@context\":\"https:\/\/schema.org\",\"@graph\":[{\"@type\":\"WebPage\",\"@id\":\"https:\/\/www.centroesteticofrancadanti.it\/?page_id=34\",\"url\":\"https:\/\/www.centroesteticofrancadanti.it\/?page_id=34\",\"name\":\"Contatti - Centro Estetico Franca Danti\",\"isPartOf\":{\"@id\":\"https:\/\/www.centroesteticofrancadanti.it\/#website\"},\"datePublished\":\"2017-01-24T16:07:51+00:00\",\"dateModified\":\"2017-10-24T16:26:42+00:00\",\"breadcrumb\":{\"@id\":\"https:\/\/www.centroesteticofrancadanti.it\/?page_id=34#breadcrumb\"},\"inLanguage\":\"it-IT\",\"potentialAction\":[{\"@type\":\"ReadAction\",\"target\":[\"https:\/\/www.centroesteticofrancadanti.it\/?page_id=34\"]}]},{\"@type\":\"BreadcrumbList\",\"@id\":\"https:\/\/www.centroesteticofrancadanti.it\/?page_id=34#breadcrumb\",\"itemListElement\":[{\"@type\":\"ListItem\",\"position\":1,\"name\":\"Home\",\"item\":\"https:\/\/www.centroesteticofrancadanti.it\/\"},{\"@type\":\"ListItem\",\"position\":2,\"name\":\"Contatti\"}]},{\"@type\":\"WebSite\",\"@id\":\"https:\/\/www.centroesteticofrancadanti.it\/#website\",\"url\":\"https:\/\/www.centroesteticofrancadanti.it\/\",\"name\":\"Centro Estetico Franca Danti\",\"description\":\"\",\"potentialAction\":[{\"@type\":\"SearchAction\",\"target\":{\"@type\":\"EntryPoint\",\"urlTemplate\":\"https:\/\/www.centroesteticofrancadanti.it\/?s={search_term_string}\"},\"query-input\":{\"@type\":\"PropertyValueSpecification\",\"valueRequired\":true,\"valueName\":\"search_term_string\"}}],\"inLanguage\":\"it-IT\"}]}<\/script>\n<!-- \/ Yoast SEO plugin. -->","yoast_head_json":{"title":"Contatti - Centro Estetico Franca Danti","robots":{"index":"index","follow":"follow","max-snippet":"max-snippet:-1","max-image-preview":"max-image-preview:large","max-video-preview":"max-video-preview:-1"},"canonical":"https:\/\/www.centroesteticofrancadanti.it\/?page_id=34","og_locale":"it_IT","og_type":"article","og_title":"Contatti - Centro Estetico Franca Danti","og_description":"[vc_row][vc_column width=&#8221;1\/2&#8243; css=&#8221;.vc_custom_1467214267244{padding-top: 10px !important;padding-bottom: 10px !important;}&#8221;][vc_column_text]Per contattarci \u00e8 sufficiente riempire il form sottostante inserendo i suoi dati.Verr\u00e0 ricontatta al pi\u00f9 presto. Grazie[\/vc_column_text][\/vc_column][vc_column width=&#8221;1\/2&#8243; css=&#8221;.vc_custom_1467214272039{padding-top: 10px !important;padding-bottom: 10px !important;}&#8221;][nd_options_gmaps_markers nd_options_layout=&#8221;layout-2&#8243; nd_options_height=&#8221;300&#8243; nd_options_zoom=&#8221;17&#8243; nd_options_position=&#8221;43.2301783, 13.6825065&#8243; nd_options_color=&#8221;#8ac6d0&#8243; nd_options_image=&#8221;1181&#8243; nd_options_image_width=&#8221;45,45&#8243;][vc_row_inner][vc_column_inner width=&#8221;1\/2&#8243;][\/vc_column_inner][vc_column_inner width=&#8221;1\/2&#8243;][\/vc_column_inner][\/vc_row_inner][\/vc_column][\/vc_row]","og_url":"https:\/\/www.centroesteticofrancadanti.it\/?page_id=34","og_site_name":"Centro Estetico Franca Danti","article_modified_time":"2017-10-24T16:26:42+00:00","twitter_card":"summary_large_image","twitter_misc":{"Tempo di lettura stimato":"2 minuti"},"schema":{"@context":"https:\/\/schema.org","@graph":[{"@type":"WebPage","@id":"https:\/\/www.centroesteticofrancadanti.it\/?page_id=34","url":"https:\/\/www.centroesteticofrancadanti.it\/?page_id=34","name":"Contatti - Centro Estetico Franca Danti","isPartOf":{"@id":"https:\/\/www.centroesteticofrancadanti.it\/#website"},"datePublished":"2017-01-24T16:07:51+00:00","dateModified":"2017-10-24T16:26:42+00:00","breadcrumb":{"@id":"https:\/\/www.centroesteticofrancadanti.it\/?page_id=34#breadcrumb"},"inLanguage":"it-IT","potentialAction":[{"@type":"ReadAction","target":["https:\/\/www.centroesteticofrancadanti.it\/?page_id=34"]}]},{"@type":"BreadcrumbList","@id":"https:\/\/www.centroesteticofrancadanti.it\/?page_id=34#breadcrumb","itemListElement":[{"@type":"ListItem","position":1,"name":"Home","item":"https:\/\/www.centroesteticofrancadanti.it\/"},{"@type":"ListItem","position":2,"name":"Contatti"}]},{"@type":"WebSite","@id":"https:\/\/www.centroesteticofrancadanti.it\/#website","url":"https:\/\/www.centroesteticofrancadanti.it\/","name":"Centro Estetico Franca Danti","description":"","potentialAction":[{"@type":"SearchAction","target":{"@type":"EntryPoint","urlTemplate":"https:\/\/www.centroesteticofrancadanti.it\/?s={search_term_string}"},"query-input":{"@type":"PropertyValueSpecification","valueRequired":true,"valueName":"search_term_string"}}],"inLanguage":"it-IT"}]}},"_links":{"self":[{"href":"https:\/\/www.centroesteticofrancadanti.it\/index.php?rest_route=\/wp\/v2\/pages\/34","targetHints":{"allow":["GET"]}}],"collection":[{"href":"https:\/\/www.centroesteticofrancadanti.it\/index.php?rest_route=\/wp\/v2\/pages"}],"about":[{"href":"https:\/\/www.centroesteticofrancadanti.it\/index.php?rest_route=\/wp\/v2\/types\/page"}],"author":[{"embeddable":true,"href":"https:\/\/www.centroesteticofrancadanti.it\/index.php?rest_route=\/wp\/v2\/users\/1"}],"replies":[{"embeddable":true,"href":"https:\/\/www.centroesteticofrancadanti.it\/index.php?rest_route=%2Fwp%2Fv2%2Fcomments&post=34"}],"version-history":[{"count":21,"href":"https:\/\/www.centroesteticofrancadanti.it\/index.php?rest_route=\/wp\/v2\/pages\/34\/revisions"}],"predecessor-version":[{"id":1323,"href":"https:\/\/www.centroesteticofrancadanti.it\/index.php?rest_route=\/wp\/v2\/pages\/34\/revisions\/1323"}],"wp:attachment":[{"href":"https:\/\/www.centroesteticofrancadanti.it\/index.php?rest_route=%2Fwp%2Fv2%2Fmedia&parent=34"}],"curies":[{"name":"wp","href":"https:\/\/api.w.org\/{rel}","templated":true}]}}